{"id":7,"date":"2018-05-15T15:35:53","date_gmt":"2018-05-15T15:35:53","guid":{"rendered":"http:\/\/www.ttlplanning.ro\/?page_id=4"},"modified":"2025-05-12T09:17:02","modified_gmt":"2025-05-12T09:17:02","slug":"home","status":"publish","type":"page","link":"https:\/\/www.ttlplanning.ro\/","title":{"rendered":"TTL PLANNING &#8211; Pagina Principal\u0103"},"content":{"rendered":"\n<figure class=\"wp-block-image size-large\"><img loading=\"lazy\" decoding=\"async\" width=\"1024\" height=\"217\" src=\"http:\/\/www.ttlplanning.ro\/wp-content\/uploads\/2019\/10\/Banner-3-2-1024x217.png\" alt=\"\" class=\"wp-image-375\" srcset=\"https:\/\/www.ttlplanning.ro\/wp-content\/uploads\/2019\/10\/Banner-3-2-1024x217.png 1024w, https:\/\/www.ttlplanning.ro\/wp-content\/uploads\/2019\/10\/Banner-3-2-300x63.png 300w, https:\/\/www.ttlplanning.ro\/wp-content\/uploads\/2019\/10\/Banner-3-2-768x162.png 768w, https:\/\/www.ttlplanning.ro\/wp-content\/uploads\/2019\/10\/Banner-3-2.png 1607w\" sizes=\"auto, (max-width: 1024px) 100vw, 1024px\" \/><\/figure>\n\n\n<p><strong>TTL PLANNING <\/strong>este este o societate rom\u00e2neasc\u0103 ce are ca obiect principal de activitate CAEN 7112 \u2013&nbsp; Activitati de inginerie si consultanta tehnica legate de acestea, ce activeaz\u0103 \u00een domeniul planific\u0103rii \u00een transporturi.<\/p>\n<p>Cu o echip\u0103 de consultan\u021bi cu experien\u021b\u0103 interna\u021bional\u0103, oferim servicii de consultan\u021b\u0103 \u0219i planificare strategic\u0103 \u00een transporturi ce se axeaz\u0103 pe inovare, eficien\u021b\u0103 \u0219i solu\u021bii durabile. Echipa noastr\u0103 are experien\u021b\u0103 de nivel \u00eenalt, esen\u021bial\u0103 \u00een \u00een\u021belegerea \u0219i identificarea celor mai bune rezultate ce vor fi furnizate beneficiarilor no\u0219tri.<\/p>\n<p>De la \u00eenfiin\u021bare, la \u00eenceputul anului 2016 lista noastr\u0103 de beneficiari s-a extins incluz\u00e2nd Autorit\u0103\u021bi Locale \u0219i Societ\u0103\u021bi Comerciale Private, rom\u00e2ne\u0219ti \u0219i interna\u021bionale. Oferim clien\u021bilor din sectorul public \u0219i privat o gam\u0103 larg\u0103 de servicii de consultan\u021b\u0103 \u0219i planificare strategic\u0103 \u00een transportului incluz\u00e2nd inginerie de trafic, analize economice in transporturi, planificarea durabil\u0103 a transporturilor, analiza, evaluarea \u0219i prioritizarea op\u021biunilor, dezvoltarea \u0219i planificarea accesibilit\u0103\u021bii, planificarea transportului public \u0219i privat, evaluarea si prognoza traficului precum \u0219i dezvoltarea de strategii de transport. Pentru mai multe informa\u021bii despre \u00eentreaga noastr\u0103 gam\u0103 de servicii pe care le oferim, pute\u021bi consulta sec\u021biunea Domenii de Activitate.<\/p>\n<p>Ast\u0103zi, competi\u021bia pentru fondurile structurale e din ce \u00een ce mai intens\u0103 iar dezvoltarea este necesar\u0103. Comunitatea dumneavoastr\u0103 conteaz\u0103! De aceea, trebuie sa excela\u021bi \u0219i s\u0103 profita\u021bi de oportunit\u0103\u021bile de finan\u021bare, urm\u0103rind strategii de dezvoltare intergrate, pentru a atrage investitori \u0219i a cre\u0219te bun\u0103starea comunit\u0103\u021bii dumneavoastr\u0103 \u00een concordan\u021b\u0103 cu nevoile de mobilitate ale cet\u0103\u021benilor.<\/p>\n<p><strong>TTL PLANNING&nbsp;<\/strong>v\u0103 pune la dispozi\u021bie bunele practici \u0219i amploarea expertizei intregii echipe \u00een domeniul dezvolt\u0103rii infrastructurii de transport, al managementului mobilit\u0103\u021bii \u0219i al finan\u021b\u0103rii proiectelor, pentru a reu\u0219i.<\/p>\n\n\n<hr class=\"wp-block-separator has-css-opacity\"\/>\n\n\n\n<h2 class=\"wp-block-heading\">Social Media &#8211; Nout\u0103\u021bi<\/h2>\n\n\n\n<iframe loading=\"lazy\" src=\"https:\/\/www.facebook.com\/plugins\/post.php?href=https%3A%2F%2Fwww.facebook.com%2Fttlplanning%2Fposts%2Fpfbid02adj18Qb6qH5aexJ1Avj7SbCax6ftdzmgwW2VKApZWu263CSMisHwmZ39thEYmE1dl&#038;show_text=true&#038;width=500\" width=\"500\" height=\"750\" style=\"border:none;overflow:hidden\" scrolling=\"no\" frameborder=\"0\" allowfullscreen=\"true\" allow=\"autoplay; clipboard-write; encrypted-media; picture-in-picture; web-share\"><\/iframe>\n\n\n\n<iframe loading=\"lazy\" src=\"https:\/\/www.facebook.com\/plugins\/post.php?href=https%3A%2F%2Fwww.facebook.com%2Fttlplanning%2Fposts%2Fpfbid032uCuFd99b7PLzAXeXXFFmZU4Rj8Fzve6xpKwHhRE3mAsaG7geQ2gLoY5rThrTJ4Rl&#038;show_text=true&#038;width=500\" width=\"500\" height=\"750\" style=\"border:none;overflow:hidden\" scrolling=\"no\" frameborder=\"0\" allowfullscreen=\"true\" allow=\"autoplay; clipboard-write; encrypted-media; picture-in-picture; web-share\"><\/iframe>\n\n\n\n<iframe loading=\"lazy\" src=\"https:\/\/www.facebook.com\/plugins\/post.php?href=https%3A%2F%2Fwww.facebook.com%2Fttlplanning%2Fposts%2Fpfbid02xtv62YpWwrALg8KFPzYx9aTWNukJ5hqYmKny1qAaygFiWbQcAAnLHPEdvru4ZWrdl&#038;show_text=true&#038;width=500\" width=\"500\" height=\"750\" style=\"border:none;overflow:hidden\" scrolling=\"no\" frameborder=\"0\" allowfullscreen=\"true\" allow=\"autoplay; clipboard-write; encrypted-media; picture-in-picture; web-share\"><\/iframe>\n\n\n\n<iframe loading=\"lazy\" src=\"https:\/\/www.facebook.com\/plugins\/post.php?href=https%3A%2F%2Fwww.facebook.com%2Fttlplanning%2Fposts%2Fpfbid0zDainouNFcysEnb9m1gKxsS9cMup3LPBZv8DDy5CLdoc5e2ydBmWjgiMTybZWAWLl&#038;show_text=true&#038;width=500\" width=\"500\" height=\"750\" style=\"border:none;overflow:hidden\" scrolling=\"no\" frameborder=\"0\" allowfullscreen=\"true\" allow=\"autoplay; clipboard-write; encrypted-media; picture-in-picture; web-share\"><\/iframe>\n\n\n\n<iframe loading=\"lazy\" src=\"https:\/\/www.facebook.com\/plugins\/post.php?href=https%3A%2F%2Fwww.facebook.com%2Fttlplanning%2Fposts%2Fpfbid02H4QUz85AQthJbLwrHxidKSGj4Foq7dBXtTJWBcm9LdGj84AfFXj8JorNEzJ1gAXl&#038;show_text=true&#038;width=500\" width=\"500\" height=\"750\" style=\"border:none;overflow:hidden\" scrolling=\"no\" frameborder=\"0\" allowfullscreen=\"true\" allow=\"autoplay; clipboard-write; encrypted-media; picture-in-picture; web-share\"><\/iframe>\n\n\n\n<iframe loading=\"lazy\" src=\"https:\/\/www.facebook.com\/plugins\/post.php?href=https%3A%2F%2Fwww.facebook.com%2Fttlplanning%2Fposts%2Fpfbid022y2PKNr2fjniKUEEewsbNBVF8oqpJkyTDvfaE9hz2VQHxFrhLMwdx9kUu5Bbh3sAl&amp;show_text=true&amp;width=500\" width=\"500\" height=\"750\" style=\"border:none;overflow:hidden\" scrolling=\"no\" frameborder=\"0\" allowfullscreen=\"true\" allow=\"autoplay; clipboard-write; encrypted-media; picture-in-picture; web-share\"><\/iframe>\n\n\n\n<iframe loading=\"lazy\" src=\"https:\/\/www.facebook.com\/plugins\/post.php?href=https%3A%2F%2Fwww.facebook.com%2Fttlplanning%2Fposts%2Fpfbid02EzfAg26M6SfwUPKHXT6Bp47tNACDXxCNmBszYSMDL5UJZ39EXGMYisGpxipfs8dCl&amp;show_text=true&amp;width=500\" width=\"500\" height=\"750\" style=\"border:none;overflow:hidden\" scrolling=\"no\" frameborder=\"0\" allowfullscreen=\"true\" allow=\"autoplay; clipboard-write; encrypted-media; picture-in-picture; web-share\"><\/iframe>\n\n\n\n<iframe loading=\"lazy\" src=\"https:\/\/www.facebook.com\/plugins\/post.php?href=https%3A%2F%2Fwww.facebook.com%2Fpmud.reghin%2Fposts%2Fpfbid0BiR5JCF7JfbU2xva8Nt1kNKubGtmihRdGFMyj8i4bVzJxxZn9Bot9FV13DMpaLLCl&amp;show_text=true&amp;width=500\" width=\"500\" height=\"750\" style=\"border:none;overflow:hidden\" scrolling=\"no\" frameborder=\"0\" allowfullscreen=\"true\" allow=\"autoplay; clipboard-write; encrypted-media; picture-in-picture; web-share\"><\/iframe>\n\n\n\n<iframe loading=\"lazy\" src=\"https:\/\/www.facebook.com\/plugins\/post.php?href=https%3A%2F%2Fwww.facebook.com%2Fttlplanning%2Fposts%2Fpfbid02Y6qFTFrqLLotqYWL7Cz3XY6EKy4p8LfCRpXPkQe1j624J1VvuKmqyoQXNbz6yVnol&amp;show_text=true&amp;width=500\" width=\"500\" height=\"750\" style=\"border:none;overflow:hidden\" scrolling=\"no\" frameborder=\"0\" allowfullscreen=\"true\" allow=\"autoplay; clipboard-write; encrypted-media; picture-in-picture; web-share\"><\/iframe>\n\n\n\n<iframe loading=\"lazy\" src=\"https:\/\/www.facebook.com\/plugins\/post.php?href=https%3A%2F%2Fwww.facebook.com%2Fttlplanning%2Fposts%2Fpfbid02Xk5kikTewfmtFcHym7crkuvHo3VPTu4vespQG1LkVQySCPacZLT6dBpMJpTCnezrl&amp;show_text=true&amp;width=500\" width=\"500\" height=\"750\" style=\"border:none;overflow:hidden\" scrolling=\"no\" frameborder=\"0\" allowfullscreen=\"true\" allow=\"autoplay; clipboard-write; encrypted-media; picture-in-picture; web-share\"><\/iframe>\n\n\n\n<iframe loading=\"lazy\" src=\"https:\/\/www.facebook.com\/plugins\/post.php?href=https%3A%2F%2Fwww.facebook.com%2Fttlplanning%2Fposts%2Fpfbid02GSrppGzasGBhD1nyrMcTQ1QUYgWLUSzFCCPAKDq9JEvxNrHzduxq13L4TzR4AJ9Sl&amp;show_text=true&amp;width=500\" width=\"500\" height=\"750\" style=\"border:none;overflow:hidden\" scrolling=\"no\" frameborder=\"0\" allowfullscreen=\"true\" allow=\"autoplay; clipboard-write; encrypted-media; picture-in-picture; web-share\"><\/iframe>\n\n\n\n<iframe loading=\"lazy\" src=\"https:\/\/www.facebook.com\/plugins\/post.php?href=https%3A%2F%2Fwww.facebook.com%2Fttlplanning%2Fposts%2Fpfbid0Rjhm3TkkskWqzkH61teWZF2vaytJEmw1hsCiPJLhyAd6ww5qZZQc6rW5Ne2r9cw4l&amp;show_text=true&amp;width=500\" width=\"500\" height=\"750\" style=\"border:none;overflow:hidden\" scrolling=\"no\" frameborder=\"0\" allowfullscreen=\"true\" allow=\"autoplay; clipboard-write; encrypted-media; picture-in-picture; web-share\"><\/iframe>\n\n\n\n<iframe loading=\"lazy\" src=\"https:\/\/www.facebook.com\/plugins\/post.php?href=https%3A%2F%2Fwww.facebook.com%2Fttlplanning%2Fposts%2Fpfbid0Fw3enArGrYne8tbVRT7Jha6NPox4zQRErUN3Kvb4jvc2jJ3xz5rVc9VGcTAKq2Ekl&amp;show_text=true&amp;width=500\" width=\"500\" height=\"750\" style=\"border:none;overflow:hidden\" scrolling=\"no\" frameborder=\"0\" allowfullscreen=\"true\" allow=\"autoplay; clipboard-write; encrypted-media; picture-in-picture; web-share\"><\/iframe>\n\n\n\n<iframe loading=\"lazy\" src=\"https:\/\/www.facebook.com\/plugins\/post.php?href=https%3A%2F%2Fwww.facebook.com%2Fttlplanning%2Fposts%2F667533944683200&amp;show_text=true&amp;width=500\" width=\"500\" height=\"500\" style=\"border:none;overflow:hidden\" scrolling=\"no\" frameborder=\"0\" allowfullscreen=\"true\" allow=\"autoplay; clipboard-write; encrypted-media; picture-in-picture; web-share\"><\/iframe>\n\n\n\n<iframe loading=\"lazy\" src=\"https:\/\/www.facebook.com\/plugins\/post.php?href=https%3A%2F%2Fwww.facebook.com%2FIrinelScriosteanu%2Fposts%2F1591875271152352&amp;show_text=true&amp;width=500\" width=\"500\" height=\"500\" style=\"border:none;overflow:hidden\" scrolling=\"no\" frameborder=\"0\" allowfullscreen=\"true\" allow=\"autoplay; clipboard-write; encrypted-media; picture-in-picture; web-share\"><\/iframe>\n\n\n\n<iframe loading=\"lazy\" src=\"https:\/\/www.facebook.com\/plugins\/post.php?href=https%3A%2F%2Fwww.facebook.com%2Fttlplanning%2Fposts%2F491141192322477&amp;width=500&amp;show_text=true&amp;appId=493638897335779&amp;height=500\" width=\"500\" height=\"500\" style=\"border:none;overflow:hidden\" scrolling=\"no\" frameborder=\"0\" allowfullscreen=\"true\" allow=\"autoplay; clipboard-write; encrypted-media; picture-in-picture; web-share\"><\/iframe>\n\n\n\n<iframe loading=\"lazy\" src=\"https:\/\/www.facebook.com\/plugins\/post.php?href=https%3A%2F%2Fwww.facebook.com%2Fttlplanning%2Fposts%2F484907356279194&amp;width=500&amp;show_text=true&amp;appId=493638897335779&amp;height=500\" width=\"500\" height=\"500\" style=\"border:none;overflow:hidden\" scrolling=\"no\" frameborder=\"0\" allowfullscreen=\"true\" allow=\"autoplay; clipboard-write; encrypted-media; picture-in-picture; web-share\"><\/iframe>\n\n\n\n<iframe loading=\"lazy\" src=\"https:\/\/www.facebook.com\/plugins\/post.php?href=https%3A%2F%2Fwww.facebook.com%2Fttlplanning%2Fposts%2F451525166284080&amp;width=500&amp;show_text=true&amp;appId=493638897335779&amp;height=500\" width=\"500\" height=\"500\" style=\"border:none;overflow:hidden\" scrolling=\"no\" frameborder=\"0\" allowfullscreen=\"true\" allow=\"autoplay; clipboard-write; encrypted-media; picture-in-picture; web-share\"><\/iframe>\n\n\n\n<iframe loading=\"lazy\" src=\"https:\/\/www.facebook.com\/plugins\/post.php?href=https%3A%2F%2Fwww.facebook.com%2Fttlplanning%2Fposts%2F242375260532406&amp;show_text=true&amp;width=500&amp;appId=493638897335779&amp;height=500\" width=\"500\" height=\"500\" style=\"border:none;overflow:hidden\" scrolling=\"no\" frameborder=\"0\" align=\"\u201dcenter\u201d\" allowfullscreen=\"true\" allow=\"autoplay; clipboard-write; encrypted-media; picture-in-picture; web-share\"><\/iframe>\n\n\n\n<iframe loading=\"lazy\" src=\"https:\/\/www.facebook.com\/plugins\/post.php?href=https%3A%2F%2Fwww.facebook.com%2Fttlplanning%2Fposts%2F406959807407283&amp;show_text=true&amp;width=500&amp;appId=493638897335779&amp;height=500\" width=\"500\" height=\"500\" style=\"border:none;overflow:hidden\" scrolling=\"no\" frameborder=\"0\" align=\"\u201dcenter\u201d\" allowfullscreen=\"true\" allow=\"autoplay; clipboard-write; encrypted-media; picture-in-picture; web-share\"><\/iframe>\n\n\n\n<iframe loading=\"lazy\" src=\"https:\/\/www.facebook.com\/plugins\/post.php?href=https%3A%2F%2Fwww.facebook.com%2FClujMetro%2Fposts%2F193886025607767&amp;show_text=true&amp;width=500&amp;appId=493638897335779&amp;height=500\" width=\"500\" height=\"500\" style=\"border:none;overflow:hidden\" scrolling=\"no\" frameborder=\"0\" align=\"\u201dcenter\u201d\" allowfullscreen=\"true\" allow=\"autoplay; clipboard-write; encrypted-media; picture-in-picture; web-share\"><\/iframe>\n\n\n\n<iframe loading=\"lazy\" src=\"https:\/\/www.facebook.com\/plugins\/post.php?href=https%3A%2F%2Fwww.facebook.com%2Fttlplanning%2Fposts%2F382547646515166&amp;show_text=true&amp;width=500&amp;appId=493638897335779&amp;height=500\" width=\"500\" height=\"500\" style=\"border:none;overflow:hidden\" scrolling=\"no\" frameborder=\"0\" align=\"\u201dcenter\u201d\" allowfullscreen=\"true\" allow=\"autoplay; clipboard-write; encrypted-media; picture-in-picture; web-share\"><\/iframe>\n\n\n\n<iframe loading=\"lazy\" src=\"https:\/\/www.facebook.com\/plugins\/post.php?href=https%3A%2F%2Fwww.facebook.com%2Fttlplanning%2Fposts%2F381872653249332&amp;show_text=true&amp;width=500&amp;appId=493638897335779&amp;height=\" 500\"=\"\" width=\"500\" height=\"500\" style=\"border:none;overflow:hidden\" scrolling=\"no\" frameborder=\"15\" align=\"\u201dcenter\u201d\" allowfullscreen=\"true\" allow=\"autoplay; clipboard-write; encrypted-media; picture-in-picture; web-share\"><\/iframe>\n","protected":false},"excerpt":{"rendered":"<p>TTL PLANNING este este o societate rom\u00e2neasc\u0103 ce are ca obiect principal de activitate CAEN 7112 \u2013&nbsp; Activitati de inginerie si consultanta tehnica legate de acestea, ce activeaz\u0103 \u00een domeniul planific\u0103rii \u00een transporturi. Cu o echip\u0103 de consultan\u021bi cu experien\u021b\u0103 interna\u021bional\u0103, oferim servicii de consultan\u021b\u0103 \u0219i planificare strategic\u0103 \u00een transporturi ce se axeaz\u0103 pe inovare,&#8230;<\/p>\n","protected":false},"author":1,"featured_media":0,"parent":0,"menu_order":0,"comment_status":"closed","ping_status":"closed","template":"","meta":{"footnotes":""},"class_list":["post-7","page","type-page","status-publish","hentry"],"_links":{"self":[{"href":"https:\/\/www.ttlplanning.ro\/index.php?rest_route=\/wp\/v2\/pages\/7","targetHints":{"allow":["GET"]}}],"collection":[{"href":"https:\/\/www.ttlplanning.ro\/index.php?rest_route=\/wp\/v2\/pages"}],"about":[{"href":"https:\/\/www.ttlplanning.ro\/index.php?rest_route=\/wp\/v2\/types\/page"}],"author":[{"embeddable":true,"href":"https:\/\/www.ttlplanning.ro\/index.php?rest_route=\/wp\/v2\/users\/1"}],"replies":[{"embeddable":true,"href":"https:\/\/www.ttlplanning.ro\/index.php?rest_route=%2Fwp%2Fv2%2Fcomments&post=7"}],"version-history":[{"count":87,"href":"https:\/\/www.ttlplanning.ro\/index.php?rest_route=\/wp\/v2\/pages\/7\/revisions"}],"predecessor-version":[{"id":713,"href":"https:\/\/www.ttlplanning.ro\/index.php?rest_route=\/wp\/v2\/pages\/7\/revisions\/713"}],"wp:attachment":[{"href":"https:\/\/www.ttlplanning.ro\/index.php?rest_route=%2Fwp%2Fv2%2Fmedia&parent=7"}],"curies":[{"name":"wp","href":"https:\/\/api.w.org\/{rel}","templated":true}]}}