{"id":546,"date":"2020-05-05T19:58:16","date_gmt":"2020-05-05T19:58:16","guid":{"rendered":"http:\/\/www.ttlplanning.ro\/?page_id=546"},"modified":"2024-07-04T14:08:15","modified_gmt":"2024-07-04T14:08:15","slug":"junior-transport-consultant","status":"publish","type":"page","link":"https:\/\/www.ttlplanning.ro\/?page_id=546","title":{"rendered":"Junior Transport Consultant"},"content":{"rendered":"<p>[vc_row][vc_column][vc_column_text]<\/p>\n<h3>#1: Junior Transport Consultant<\/h3>\n<p><strong>Loa\u021bie<\/strong>: Bucure\u0219ti, Romania<\/p>\n<p><strong>Data<\/strong>: 15.05.2024<\/p>\n<p><strong><u>Despre Noi<\/u><\/strong><\/p>\n<p>TTL PLANNING\u00a0este este o societate rom\u00e2neasc\u0103 ce are ca obiect principal de activitate CAEN 7112 \u2013\u00a0 Activit\u0103\u021bi de inginerie si consultan\u021b\u0103 tehnic\u0103 legate de acestea, ce activeaz\u0103 \u00een domeniul planific\u0103rii \u00een transporturi. Cu o echip\u0103 de consultan\u021bi cu experien\u021b\u0103 interna\u021bional\u0103, oferim servicii de consultan\u021b\u0103 \u0219i planificare strategic\u0103 \u00een transporturi ce se axeaz\u0103 pe inovare, eficien\u021b\u0103 \u0219i solu\u021bii durabile. Echipa noastr\u0103 are experien\u021b\u0103 de nivel \u00eenalt, esen\u021bial\u0103 \u00een \u00een\u021belegerea \u0219i identificarea celor mai bune rezultate ce vor fi furnizate beneficiarilor no\u0219tri.<\/p>\n<p>De la \u00eenfiin\u021bare, la \u00eenceputul anului 2016 lista noastr\u0103 de beneficiari s-a extins incluz\u0103nd Autorit\u0103\u021bi Locale \u0219i Societ\u0103\u021bi Comerciale Private, rom\u00e2ne\u0219ti \u0219i interna\u021bionale. Oferim clien\u021bilor din sectorul public \u0219i privat o gam\u0103 larg\u0103 de servicii de consultan\u021b\u0103 \u0219i planificare strategic\u0103 \u00een transportului incluz\u00e2nd inginerie de trafic, analize economice in transporturi, planificarea durabil\u0103 a transporturilor, analiza, evaluarea \u0219i prioritizarea op\u021biunilor, dezvoltarea \u0219i planificarea accesibilit\u0103\u021bii, planificarea transportului public \u0219i privat, evaluarea si prognoza traficului precum \u0219i dezvoltarea de strategii de transport.<\/p>\n<p><strong><u>Responsabilit\u0103\u021bi<\/u><\/strong><\/p>\n<p><u>Activit\u0103\u021bi de planificare \u00een transporturi<\/u><\/p>\n<ul>\n<li>Furnizarea de suport tehnic \u00een cadrul echipelor de proiect sub conducerea managerului de proiect pentru proiectele mari.<\/li>\n<li>Oferirea de asisten\u021b\u0103 pentru membri echipei de proiect \u00een realizarea diferitelor sarcini pentru a \u00eendeplini cerin\u021bele proiectului pentru proiectele mari.<\/li>\n<li>Contribu\u021bii la dezvoltarea \u0219i elaborarea proiectelor<\/li>\n<li>Dezvoltarea ofertelor tehnice \u0219i financiare precum \u0219i conducerea negocierilor pentru proiecte mici\/mijlocii<\/li>\n<li>Gestionarea elabor\u0103rii proiectelor mici\/mijlocii<\/li>\n<li>Reprezentarea Companiei la \u00eent\u00e2lnirile cu beneficiarii\/colaboratorii pentru proiecte mici\/mijlocii \u0219i contribu\u021bii proactive la \u00eent\u00e2lnirile cu proiecte mari.<\/li>\n<\/ul>\n<p><u>Dezvoltare<\/u><\/p>\n<ul>\n<li>Responsabilit\u0103\u021bi \u00een asisten\u021ba, cre\u0219terea competitivit\u0103\u021bi \u0219i \u00eendrumarea personalului \u00een dezvoltare pentru a furniza solu\u021bii care \u00eendeplinesc a\u0219tept\u0103rile companiei \u0219i ale clien\u021bilor.<\/li>\n<li>Responsabilit\u0103\u021bi de formare profesional\u0103, dezvoltare \u0219i mentorat al personalului \u00een dezvoltare \u0219i transferarea expertizei \u0219i cuno\u0219tin\u021belor pentru a \u00eembun\u0103t\u0103\u021bi capacit\u0103\u021bile proprii \u0219i ale membrilor echipei<\/li>\n<\/ul>\n<p><u>Leadership Corporatist<\/u><\/p>\n<ul>\n<li>Identificarea oportunit\u0103\u021bilor de colaborare \u0219i comunicarea cu beneficiarii \u0219i colaboratorii<\/li>\n<li>Marketing \u0219i dezvoltare activit\u0103\u021bii prin redactarea de articole, publicarea de lucr\u0103ri, participarea la conferin\u021be \u0219i promovarea activit\u0103\u021bii TTL PLANNING.<\/li>\n<\/ul>\n<p><strong>\u00a0<\/strong><\/p>\n<p><strong><u>Cerin\u021bele pentru candida\u021bi:<\/u><\/strong><\/p>\n<p><strong>\u00a0<\/strong><strong>Calificare<\/strong><\/p>\n<ul>\n<li>Studii de licen\u021b\u0103 de lung\u0103 durat\u0103 \u00een domeniul Ingineriei Transporturilor.<\/li>\n<li>Master \u00een transport urban \/ mobilitate urban\u0103 \u2013 reprezint\u0103 un avantaj<\/li>\n<\/ul>\n<p><strong>Experien\u021b\u0103<\/strong><\/p>\n<ul>\n<li>Nu este obligatorie experien\u021ba \u00eens\u0103 este de preferat minim 3 ani experien\u021b\u0103 relevant\u0103 \u00een domeniul planific\u0103rii \u00een transporturi \/ ingineria transporturilor \/ mobilitate urban\u0103 \/ planificare urban\u0103<\/li>\n<\/ul>\n<p><strong>Aptitudini<\/strong><\/p>\n<p><u>Aptitudini de comunicare<\/u><\/p>\n<p>Cerin\u021be obligatorii:<\/p>\n<ul>\n<li>Bune cuno\u0219tin\u021be de limba englez\u0103<\/li>\n<li>Abilit\u0103\u021bi de redactare clar\u0103 \u0219i la obiect a rapoartelor tehnice<\/li>\n<li>Abilit\u0103\u021bi de prezentare \u0219i sus\u021binere a temelor abordate \/ proiectelor<\/li>\n<\/ul>\n<p>Cerin\u021be suplimentare (reprezint\u0103 un avantaj):<\/p>\n<ul>\n<li>Abilit\u0103\u021bi de negociere \u0219i gestionarea conflictelor<\/li>\n<li>Abilitatea de a comunica problemele complexe \u00een mod eficient \u0219i clar pentru audien\u021be tehnice \u0219i non-tehnice<\/li>\n<\/ul>\n<p><u>Aptitudini de conducere<\/u><\/p>\n<p>Cerin\u021be obligatorii:<\/p>\n<ul>\n<li>Onestitate \u0219i integritate<\/li>\n<li>\u00cen\u021belegerea propriilor puncte tari \u0219i puncte slabe<\/li>\n<li>Concentrare pe eficien\u021b\u0103 \u0219i \u00eembun\u0103t\u0103\u021birea continu\u0103<\/li>\n<\/ul>\n<p>Cerin\u021be suplimentare (reprezint\u0103 un avantaj):<\/p>\n<ul>\n<li>Abilitatea de a delega eficient, de a permite \u0219i de a \u00eencuraja efortul de echip\u0103.<\/li>\n<\/ul>\n<p><u>Aptitudini tehnice<\/u><\/p>\n<p>Cerin\u021be obligatorii:<\/p>\n<ul>\n<li>Spirit analitic \u0219i orientat c\u0103tre echip\u0103<\/li>\n<li>Interes puternic pentru domeniul ingineriei transporturilor<\/li>\n<li>Cuno\u0219tin\u021be aprofundate de modelarea cererii de transport \/ economia transporturilor<\/li>\n<li>Bune cuno\u0219tin\u021be \u0219i experien\u021b\u0103 \u00een utilizarea MS Office (Excel \/ Word \/ PowePoint)<\/li>\n<\/ul>\n<p>Cerin\u021be suplimentare (reprezint\u0103 un avantaj):<\/p>\n<ul>\n<li>cuno\u0219tin\u021be \u0219i experien\u021b\u0103 \u00een utilizarea AutoCAD\/ProgeCAD<\/li>\n<li>cuno\u0219tin\u021be \u0219i experien\u021b\u0103 \u00een utilizarea ArcGIS\/qGIS.<\/li>\n<li>cuno\u0219tin\u021be \u0219i experien\u021b\u0103 \u00een utilizarea VISSIM \/ VISSUM \/ SYNCHRO\/ AIMSUN \/ EMME \/ TRANSCAD<\/li>\n<\/ul>\n<p><strong>Recompense \u0219i beneficii<\/strong><\/p>\n<ul>\n<li>Salariu de baz\u0103 competitiv<\/li>\n<li>Beneficii suplimentare functie de performan\u021b\u0103<\/li>\n<li>Preg\u0103tire profesional\u0103 \u0219i sprijin pentru dezvoltare.<\/li>\n<li>Program de lucru flexibil.<\/li>\n<li>Evenimente de Socializare \u0219i TeamBuilding \ud83d\ude0a<\/li>\n<\/ul>\n<p><strong>Cum po\u021bi aplica ?<\/strong><\/p>\n<p>Pentru a aplica, v\u0103 rug\u0103m s\u0103 ne transmite\u021bi pe e-mail c\u0103tre Ionu\u021b Mitroi (<strong><a href=\"mailto:ionut.mitroi@ttlplanning.ro\">ionut.mitroi@ttlplanning.ro<\/a><\/strong>) o scurt\u0103 scrisoare de inten\u021bie \u00eempreuna cu un CV actualizat al dumneavoastr\u0103 (la care v\u0103 rug\u0103m s\u0103 ata\u0219a\u021bi Diplomele de studii \u0219i cursuri, recomand\u0103ri \u0219i lista proiectelor care dovedesc experien\u021ba relevant\u0103).[\/vc_column_text][\/vc_column][\/vc_row]<\/p>\n","protected":false},"excerpt":{"rendered":"<p>[vc_row][vc_column][vc_column_text] #1: Junior Transport Consultant Loa\u021bie: Bucure\u0219ti, Romania Data: 15.05.2024 Despre Noi TTL PLANNING\u00a0este este o societate rom\u00e2neasc\u0103 ce are ca obiect principal de activitate CAEN 7112 \u2013\u00a0 Activit\u0103\u021bi de inginerie si consultan\u021b\u0103 tehnic\u0103 legate de acestea, ce activeaz\u0103 \u00een domeniul planific\u0103rii \u00een transporturi. Cu o echip\u0103 de consultan\u021bi cu experien\u021b\u0103 interna\u021bional\u0103, oferim servicii de&#8230;<\/p>\n","protected":false},"author":1,"featured_media":0,"parent":0,"menu_order":0,"comment_status":"closed","ping_status":"closed","template":"","meta":{"footnotes":""},"class_list":["post-546","page","type-page","status-publish","hentry"],"_links":{"self":[{"href":"https:\/\/www.ttlplanning.ro\/index.php?rest_route=\/wp\/v2\/pages\/546","targetHints":{"allow":["GET"]}}],"collection":[{"href":"https:\/\/www.ttlplanning.ro\/index.php?rest_route=\/wp\/v2\/pages"}],"about":[{"href":"https:\/\/www.ttlplanning.ro\/index.php?rest_route=\/wp\/v2\/types\/page"}],"author":[{"embeddable":true,"href":"https:\/\/www.ttlplanning.ro\/index.php?rest_route=\/wp\/v2\/users\/1"}],"replies":[{"embeddable":true,"href":"https:\/\/www.ttlplanning.ro\/index.php?rest_route=%2Fwp%2Fv2%2Fcomments&post=546"}],"version-history":[{"count":10,"href":"https:\/\/www.ttlplanning.ro\/index.php?rest_route=\/wp\/v2\/pages\/546\/revisions"}],"predecessor-version":[{"id":688,"href":"https:\/\/www.ttlplanning.ro\/index.php?rest_route=\/wp\/v2\/pages\/546\/revisions\/688"}],"wp:attachment":[{"href":"https:\/\/www.ttlplanning.ro\/index.php?rest_route=%2Fwp%2Fv2%2Fmedia&parent=546"}],"curies":[{"name":"wp","href":"https:\/\/api.w.org\/{rel}","templated":true}]}}