{"id":539,"date":"2020-05-05T19:44:07","date_gmt":"2020-05-05T19:44:07","guid":{"rendered":"http:\/\/www.ttlplanning.ro\/?page_id=539"},"modified":"2024-07-04T14:06:36","modified_gmt":"2024-07-04T14:06:36","slug":"cariera","status":"publish","type":"page","link":"https:\/\/www.ttlplanning.ro\/?page_id=539","title":{"rendered":"Carier\u0103"},"content":{"rendered":"<p>[vc_section][vc_row][vc_column][vc_column_text]<strong>TTL PLANNING<\/strong> caut\u0103 s\u0103 \u00ee\u0219i extind\u0103 echipa cu un nou coleg cu experien\u021b\u0103 in planificare \u0219i \/ sau inginerie \u00een transporturi sau proasp\u0103t absolvent de ingineria transporturilor. Candidatul ar trebui s\u0103 fie motivat, entuziast, muncitor, flexibil \u0219i cu abilit\u0103\u021bi de lucru \u00een echip\u0103.[\/vc_column_text][\/vc_column][\/vc_row][vc_row][vc_column][vc_column_text]<\/p>\n<h3><strong>#1: Junior Transport Consultant<\/strong><\/h3>\n\n\n<div class=\"wp-block-image\"><figure class=\"aligncenter size-large\"><img loading=\"lazy\" decoding=\"async\" width=\"1024\" height=\"413\" src=\"http:\/\/www.ttlplanning.ro\/wp-content\/uploads\/2020\/05\/Sample-3x-1024x413.png\" alt=\"\" class=\"wp-image-563\" srcset=\"https:\/\/www.ttlplanning.ro\/wp-content\/uploads\/2020\/05\/Sample-3x-1024x413.png 1024w, https:\/\/www.ttlplanning.ro\/wp-content\/uploads\/2020\/05\/Sample-3x-300x121.png 300w, https:\/\/www.ttlplanning.ro\/wp-content\/uploads\/2020\/05\/Sample-3x-768x310.png 768w, https:\/\/www.ttlplanning.ro\/wp-content\/uploads\/2020\/05\/Sample-3x-186x75.png 186w, https:\/\/www.ttlplanning.ro\/wp-content\/uploads\/2020\/05\/Sample-3x.png 1027w\" sizes=\"auto, (max-width: 1024px) 100vw, 1024px\" \/><\/figure><\/div>\n\n\n<p>Principalele responsabilit\u0103\u021bi vor include elaborarea documenta\u021biilor tehnice de specialitate, contribu\u021bii la activit\u0103\u021bile pluridisciplinare, sus\u021binerea consultan\u021bilor din cadrul echipei \u00een realizarea proiectelor mari, managementul proiectelor mici\/mijlocii \u0219i preg\u0103tirea ofertelor tehnice \u0219i financiare. Totodat\u0103 va contribui la dezvoltarea activit\u0103\u021bi \u00een vederea extinderii bazei de clien\u021bi \u0219i colaboratori ai TTL PLANNING at\u00e2t pe plan intern c\u00e2t \u0219i interna\u021bional.<\/p>\n<p>Aceast\u0103 pozi\u021bie reprezint\u0103 o oportunitate ideal\u0103 pentru dezvoltarea carierei profesionale oferind ocazia de a contribui la elaborarea proiectelor majore de infrastructur\u0103 \u0219i servicii de transport, candida\u021bii dob\u00e2ndind pe parcurs experien\u021b\u0103 \u00een domeniul planific\u0103rii \u0219i model\u0103rii \u00een transporturi, \u00een gestionarea proiectelor precum \u0219i \u00een comunicarea cu beneficiarii \u0219i colaboratorii, gra\u021bie posibilit\u0103\u021bii de a face parte dintr-o echip\u0103 cu experien\u021b\u0103 \u0219i aflat\u0103 \u00een dezvoltare.<\/p>\n<p>\u00cen schimb, se va oferi un salariu de baz\u0103 competitiv, bonusuri de performan\u021b\u0103 \u0219i oportunitatea de a lua parte la dezvoltarea activit\u0103\u021bii. Totodat\u0103 oferim un program de munc\u0103 flexibil, precum \u0219i posibilitatea dezvolt\u0103rii continue prin cursuri de formare profesional\u0103.<\/p>\n<p>Pentru mai multe detalii referitoare la descrierea pozi\u021biei de Junior Transport Consultant \u0219i detalii despre modul de aplicare, v\u0103 rug\u0103m s\u0103 face\u021bi clic<a href=\"http:\/\/www.ttlplanning.ro\/?page_id=546\"><strong> aici.<\/strong><\/a><\/p>\n<p>Ce oferim?<\/p>\n<ul>\n<li>Salariu de baz\u0103 competitiv<\/li>\n<li>Beneficii suplimentare functie de performan\u021b\u0103\u00a0<\/li>\n<li>Preg\u0103tire profesional\u0103 \u0219i sprijin pentru dezvoltare.<\/li>\n<li>Program de lucru flexibil.<\/li>\n<li>Evenimente de Socializare \u0219i TeamBuilding \ud83d\ude0a<\/li>\n<\/ul>\n<p>[\/vc_column_text][\/vc_column][\/vc_row][\/vc_section]<\/p>","protected":false},"excerpt":{"rendered":"<p>[vc_section][vc_row][vc_column][vc_column_text]TTL PLANNING caut\u0103 s\u0103 \u00ee\u0219i extind\u0103 echipa cu un nou coleg cu experien\u021b\u0103 in planificare \u0219i \/ sau inginerie \u00een transporturi sau proasp\u0103t absolvent de ingineria transporturilor. Candidatul ar trebui s\u0103 fie motivat, entuziast, muncitor, flexibil \u0219i cu abilit\u0103\u021bi de lucru \u00een echip\u0103.[\/vc_column_text][\/vc_column][\/vc_row][vc_row][vc_column][vc_column_text] #1: Junior Transport Consultant Principalele responsabilit\u0103\u021bi vor include elaborarea documenta\u021biilor tehnice de&#8230;<\/p>\n","protected":false},"author":1,"featured_media":0,"parent":0,"menu_order":0,"comment_status":"closed","ping_status":"closed","template":"","meta":{"footnotes":""},"class_list":["post-539","page","type-page","status-publish","hentry"],"_links":{"self":[{"href":"https:\/\/www.ttlplanning.ro\/index.php?rest_route=\/wp\/v2\/pages\/539","targetHints":{"allow":["GET"]}}],"collection":[{"href":"https:\/\/www.ttlplanning.ro\/index.php?rest_route=\/wp\/v2\/pages"}],"about":[{"href":"https:\/\/www.ttlplanning.ro\/index.php?rest_route=\/wp\/v2\/types\/page"}],"author":[{"embeddable":true,"href":"https:\/\/www.ttlplanning.ro\/index.php?rest_route=\/wp\/v2\/users\/1"}],"replies":[{"embeddable":true,"href":"https:\/\/www.ttlplanning.ro\/index.php?rest_route=%2Fwp%2Fv2%2Fcomments&post=539"}],"version-history":[{"count":7,"href":"https:\/\/www.ttlplanning.ro\/index.php?rest_route=\/wp\/v2\/pages\/539\/revisions"}],"predecessor-version":[{"id":687,"href":"https:\/\/www.ttlplanning.ro\/index.php?rest_route=\/wp\/v2\/pages\/539\/revisions\/687"}],"wp:attachment":[{"href":"https:\/\/www.ttlplanning.ro\/index.php?rest_route=%2Fwp%2Fv2%2Fmedia&parent=539"}],"curies":[{"name":"wp","href":"https:\/\/api.w.org\/{rel}","templated":true}]}}